{"id":12357,"date":"2024-01-02T13:49:02","date_gmt":"2024-01-02T12:49:02","guid":{"rendered":"https:\/\/breddermann-kunstharze.de\/?page_id=12357"},"modified":"2024-01-26T09:31:03","modified_gmt":"2024-01-26T08:31:03","slug":"pdf-produktbereiche","status":"publish","type":"page","link":"https:\/\/breddermann-kunstharze.de\/en\/pdf-produktbereiche\/","title":{"rendered":"PDF Produktbereich Downloads"},"content":{"rendered":"<div id=\"fws_69ff02356f781\"  data-column-margin=\"default\" data-midnight=\"dark\" data-top-percent=\"6%\" data-bottom-percent=\"6%\"  class=\"wpb_row vc_row-fluid vc_row full-width-section\"  style=\"padding-top: calc(100vw * 0.06); padding-bottom: calc(100vw * 0.06); \"><div class=\"row-bg-wrap\" data-bg-animation=\"none\" data-bg-overlay=\"true\"><div class=\"inner-wrap\"><div class=\"row-bg using-bg-color\"  style=\"background-color: #ffffff; \"><\/div><\/div><div class=\"row-bg-overlay\" style=\"background: #e5e6f5; background: linear-gradient(to bottom,#e5e6f5 0%,#ffffff 100%);  opacity: 0.95; \"><\/div><\/div><div class=\"nectar-shape-divider-wrap\" style=\" height:100px;\"  data-height=\"100\" data-front=\"true\" data-style=\"curve_opacity\" data-position=\"top\" ><svg class=\"nectar-shape-divider\" fill=\"#ffffff\" xmlns=\"http:\/\/www.w3.org\/2000\/svg\" viewbox=\"0 0 1000 100\" preserveaspectratio=\"none\"> <path d=\"M 0 14 s 88.64 3.48 300 36 c 260 40 514 27 703 -10 l 12 28 l 3 36 h -1018 z\"><\/path> <path d=\"M 0 45 s 271 45.13 500 32 c 157 -9 330 -47 515 -63 v 86 h -1015 z\"><\/path> <path d=\"M 0 58 s 188.29 32 508 32 c 290 0 494 -35 494 -35 v 45 h -1002 z\"><\/path> <\/svg><\/div><div class=\"row_col_wrap_12 col span_12 dark left\">\n\t<div  class=\"vc_col-sm-12 wpb_column column_container vc_column_container col no-extra-padding inherit_tablet inherit_phone\"  data-padding-pos=\"all\" data-has-bg-color=\"false\" data-bg-color=\"\" data-bg-opacity=\"1\" data-animation=\"\" data-delay=\"0\" >\n\t\t<div class=\"vc_column-inner\" >\n\t\t\t<div class=\"wpb_wrapper\">\n\t\t\t\t<div id=\"fws_69ff02356fb85\" data-midnight=\"\" data-column-margin=\"default\" class=\"wpb_row vc_row-fluid vc_row inner_row   vc_custom_1567864668835\"  style=\"\"><div class=\"row-bg-wrap\"> <div class=\"row-bg\" ><\/div> <\/div><div class=\"row_col_wrap_12_inner col span_12  left\">\n\t<div style=\" color: #2056ac;\" class=\"vc_col-sm-8 wpb_column column_container vc_column_container col child_column no-extra-padding inherit_tablet inherit_phone\" data-cfc=\"true\"  data-padding-pos=\"all\" data-has-bg-color=\"false\" data-bg-color=\"\" data-bg-opacity=\"1\" data-animation=\"\" data-delay=\"0\">\n\t\t<div class=\"vc_column-inner\" >\n\t\t<div class=\"wpb_wrapper\">\n\t\t\t<div class=\"nectar-split-heading\" data-align=\"default\" data-m-align=\"inherit\" data-animation-type=\"line-reveal-by-space\" data-animation-delay=\"0\" data-m-rm-animation=\"\" data-stagger=\"\" data-custom-font-size=\"false\" ><h2 >Datenbl\u00e4tter zum Download<\/h2><\/div>\n\t\t<\/div> \n\t<\/div>\n\t<\/div> \n\n\t<div  class=\"vc_col-sm-4 wpb_column column_container vc_column_container col child_column no-extra-padding inherit_tablet inherit_phone\"   data-padding-pos=\"all\" data-has-bg-color=\"false\" data-bg-color=\"\" data-bg-opacity=\"1\" data-animation=\"\" data-delay=\"0\">\n\t\t<div class=\"vc_column-inner\" >\n\t\t<div class=\"wpb_wrapper\">\n\t\t\t\n\t\t<\/div> \n\t<\/div>\n\t<\/div> \n<\/div><\/div><div class=\"nectar-flickity not-initialized nectar-carousel\" data-centered-cells=\"false\" data-touch-icon-color=\"default\" data-control-color=\"accent-color\" data-overflow=\"hidden\" data-r-bottom-total=\"\" data-drag-scale=\"\" data-wrap=\"wrap\" data-spacing=\"default\" data-controls=\"next_prev_arrows_overlaid\" data-pagination-alignment=\"default\" data-adaptive-height=\"\" data-border-radius=\"none\" data-column-border=\"\" data-column-padding=\"0\" data-format=\"default\" data-autoplay=\"\" data-autoplay-dur=\"5000\" data-control-style=\"material_pagination\" data-desktop-columns=\"4\" data-small-desktop-columns=\"4\" data-tablet-columns=\"2\" data-column-color=\"\"><div class=\"flickity-viewport\"> <div class=\"flickity-slider\"><div class=\"cell\"><div class=\"inner-wrap-outer\"><div class=\"inner-wrap\" ><div class=\"nectar-fancy-box using-img\" data-style=\"color_box_hover\" data-animation=\"\" data-hover-o=\"default\" data-border-radius=\"default\" data-border=\"true\" data-box-color-opacity=\"1\" data-delay=\"\" data-alignment=\"center\" data-color=\"accent-color\" ><div class=\"box-inner-wrap\"><div class=\"box-bg\"  data-nectar-img-src=\"https:\/\/breddermann-kunstharze.de\/wp-content\/uploads\/2021\/11\/Breddermann_037_500px.jpg\"><\/div> <div class=\"inner\" style=\"min-height: 300px\"><div class=\"inner-wrap\"><i class=\"icon-default-style icon-software-layers2\" data-color=\"accent-color\" style=\"font-size: 100px!important; line-height: 100px!important;\"><\/i>\n<h3>Composite<\/h3>\n<p>Epoxidharze zur Fasertr\u00e4nkung<\/p>\n<p><strong>PDF Downloads<\/strong><\/div><\/div>  <a  href=\"\/en\/pdf-downloads-composite\/\" class=\"box-link\"><\/a><\/div> <\/div><div class=\"divider-wrap\" data-alignment=\"default\"><div style=\"height: 100px;\" class=\"divider\"><\/div><\/div><div class=\"nectar-split-heading\" data-align=\"default\" data-m-align=\"inherit\" data-animation-type=\"line-reveal-by-space\" data-animation-delay=\"0\" data-m-rm-animation=\"\" data-stagger=\"\" data-custom-font-size=\"false\" ><h2 style=\" color: #2056ac;\">Lieferprogramm<\/h2><\/div><\/div><\/div><\/div><div class=\"cell\"><div class=\"inner-wrap-outer\"><div class=\"inner-wrap\" ><div class=\"nectar-fancy-box using-img\" data-style=\"color_box_hover\" data-animation=\"\" data-hover-o=\"default\" data-border-radius=\"default\" data-border=\"true\" data-box-color-opacity=\"1\" data-delay=\"\" data-alignment=\"center\" data-color=\"accent-color\" ><div class=\"box-inner-wrap\"><div class=\"box-bg\"  data-nectar-img-src=\"https:\/\/breddermann-kunstharze.de\/wp-content\/uploads\/2021\/11\/Breddermann_006_500px.jpg\"><\/div> <div class=\"inner\" style=\"min-height: 300px\"><div class=\"inner-wrap\"><i class=\"icon-default-style icon-weather-drop\" data-color=\"accent-color\" style=\"font-size: 100px!important; line-height: 100px!important;\"><\/i>\n<h3>Gie\u00dfen+Abformen<\/h3>\n<p>Epoxy resins for casting and molding<\/p>\n<p><strong>PDF Downloads<\/strong><\/div><\/div>  <a  href=\"https:\/\/breddermann-kunstharze.de\/en\/pdf-downloads-abformen\/\" class=\"box-link\"><\/a><\/div> <\/div><\/div><\/div><\/div><div class=\"cell\"><div class=\"inner-wrap-outer\"><div class=\"inner-wrap\" ><div class=\"nectar-fancy-box using-img\" data-style=\"color_box_hover\" data-animation=\"\" data-hover-o=\"default\" data-border-radius=\"default\" data-border=\"true\" data-box-color-opacity=\"1\" data-delay=\"\" data-alignment=\"center\" data-color=\"accent-color\" ><div class=\"box-inner-wrap\"><div class=\"box-bg\"  data-nectar-img-src=\"https:\/\/breddermann-kunstharze.de\/wp-content\/uploads\/2021\/11\/Bauchemie_500px.jpg\"><\/div> <div class=\"inner\" style=\"min-height: 300px\"><div class=\"inner-wrap\"><i class=\"icon-default-style icon-software-paintroller\" data-color=\"accent-color\" style=\"font-size: 100px!important; line-height: 100px!important;\"><\/i>\n<h3>Construction chemistry<\/h3>\n<p>Epoxy resins in the construction chemicals sector<\/p>\n<p><strong>PDF Downloads<\/strong><\/div><\/div>  <a  href=\"https:\/\/breddermann-kunstharze.de\/en\/pdf-downloads-bauchemie\/\" class=\"box-link\"><\/a><\/div> <\/div><\/div><\/div><\/div><div class=\"cell\"><div class=\"inner-wrap-outer\"><div class=\"inner-wrap\" ><div class=\"nectar-fancy-box using-img\" data-style=\"color_box_hover\" data-animation=\"\" data-hover-o=\"default\" data-border-radius=\"default\" data-border=\"true\" data-box-color-opacity=\"1\" data-delay=\"\" data-alignment=\"center\" data-color=\"accent-color\" ><div class=\"box-inner-wrap\"><div class=\"box-bg\"  data-nectar-img-src=\"https:\/\/breddermann-kunstharze.de\/wp-content\/uploads\/2021\/11\/Breddermann_030_500px.jpg\"><\/div> <div class=\"inner\" style=\"min-height: 300px\"><div class=\"inner-wrap\"><i class=\"icon-default-style icon-software-add-vectorpoint\" data-color=\"accent-color\" style=\"font-size: 100px!important; line-height: 100px!important;\"><\/i>\n<h3>Additives + Auxilaries<\/h3>\n<p>Additives and auxiliaries for system adaptation<\/p>\n<p><strong>PDF Downloads<\/strong><\/div><\/div>  <a  href=\"https:\/\/breddermann-kunstharze.de\/en\/pdf-downloads-additive\/\" class=\"box-link\"><\/a><\/div> <\/div><\/div><\/div><\/div><\/div><\/div><\/div>\n\t<div class=\"wpb_raw_code wpb_content_element wpb_raw_html\" >\n\t\t<div class=\"wpb_wrapper\">\n\t\t\t<div style=\"position:relative;padding-bottom:56.25%;height:0;overflow:hidden;max-width:100%;\" data-page-width=\"452\" data-page-height=\"640\"><iframe style=\"position:absolute;top:0;left:0;width:100%;height:100%;\"   src=\"https:\/\/www.yumpu.com\/de\/embed\/view\/IYxfK5SjG2HW9d8V\" frameborder=\"0\" allowfullscreen=\"true\"  allowtransparency=\"true\"><\/iframe><\/div>\n\t\t<\/div>\n\t<\/div>\n\n\t\t\t<\/div> \n\t\t<\/div>\n\t<\/div> \n<\/div><\/div>","protected":false},"excerpt":{"rendered":"Datenbl\u00e4tter zum Download Composite Epoxidharze zur Fasertr\u00e4nkung PDF Downloads Lieferprogramm Gie\u00dfen+Abformen Epoxidharze zum Gie\u00dfen und...","protected":false},"author":6,"featured_media":0,"parent":0,"menu_order":0,"comment_status":"closed","ping_status":"closed","template":"","meta":[],"yoast_head":"<!-- This site is optimized with the Yoast SEO plugin v18.6 - https:\/\/yoast.com\/wordpress\/plugins\/seo\/ -->\n<title>PDF Produktbereich Downloads - Breddermann Kunstharze<\/title>\n<meta name=\"robots\" content=\"index, follow, max-snippet:-1, max-image-preview:large, max-video-preview:-1\" \/>\n<link rel=\"canonical\" href=\"https:\/\/breddermann-kunstharze.de\/en\/pdf-produktbereiche\/\" \/>\n<meta property=\"og:locale\" content=\"en_US\" \/>\n<meta property=\"og:type\" content=\"article\" \/>\n<meta property=\"og:title\" content=\"PDF Produktbereich Downloads - Breddermann Kunstharze\" \/>\n<meta property=\"og:url\" content=\"https:\/\/breddermann-kunstharze.de\/en\/pdf-produktbereiche\/\" \/>\n<meta property=\"og:site_name\" content=\"Breddermann Kunstharze\" \/>\n<meta property=\"article:modified_time\" content=\"2024-01-26T08:31:03+00:00\" \/>\n<meta name=\"twitter:card\" content=\"summary_large_image\" \/>\n<meta name=\"twitter:label1\" content=\"Est. reading time\" \/>\n\t<meta name=\"twitter:data1\" content=\"2 minutes\" \/>\n<script type=\"application\/ld+json\" class=\"yoast-schema-graph\">{\"@context\":\"https:\/\/schema.org\",\"@graph\":[{\"@type\":\"WebSite\",\"@id\":\"https:\/\/breddermann-kunstharze.de\/#website\",\"url\":\"https:\/\/breddermann-kunstharze.de\/\",\"name\":\"Breddermann Kunstharze\",\"description\":\"Ihr Partner f\u00fcr Epoxidharze, PUR-Systeme und Silikon-Abformmasse\",\"potentialAction\":[{\"@type\":\"SearchAction\",\"target\":{\"@type\":\"EntryPoint\",\"urlTemplate\":\"https:\/\/breddermann-kunstharze.de\/?s={search_term_string}\"},\"query-input\":\"required name=search_term_string\"}],\"inLanguage\":\"en-US\"},{\"@type\":\"WebPage\",\"@id\":\"https:\/\/breddermann-kunstharze.de\/pdf-produktbereiche\/#webpage\",\"url\":\"https:\/\/breddermann-kunstharze.de\/pdf-produktbereiche\/\",\"name\":\"PDF Produktbereich Downloads - Breddermann Kunstharze\",\"isPartOf\":{\"@id\":\"https:\/\/breddermann-kunstharze.de\/#website\"},\"datePublished\":\"2024-01-02T12:49:02+00:00\",\"dateModified\":\"2024-01-26T08:31:03+00:00\",\"breadcrumb\":{\"@id\":\"https:\/\/breddermann-kunstharze.de\/pdf-produktbereiche\/#breadcrumb\"},\"inLanguage\":\"en-US\",\"potentialAction\":[{\"@type\":\"ReadAction\",\"target\":[\"https:\/\/breddermann-kunstharze.de\/pdf-produktbereiche\/\"]}]},{\"@type\":\"BreadcrumbList\",\"@id\":\"https:\/\/breddermann-kunstharze.de\/pdf-produktbereiche\/#breadcrumb\",\"itemListElement\":[{\"@type\":\"ListItem\",\"position\":1,\"name\":\"Startseite\",\"item\":\"https:\/\/breddermann-kunstharze.de\/\"},{\"@type\":\"ListItem\",\"position\":2,\"name\":\"PDF Produktbereich Downloads\"}]}]}<\/script>\n<!-- \/ Yoast SEO plugin. -->","yoast_head_json":{"title":"PDF Produktbereich Downloads - Breddermann Kunstharze","robots":{"index":"index","follow":"follow","max-snippet":"max-snippet:-1","max-image-preview":"max-image-preview:large","max-video-preview":"max-video-preview:-1"},"canonical":"https:\/\/breddermann-kunstharze.de\/en\/pdf-produktbereiche\/","og_locale":"en_US","og_type":"article","og_title":"PDF Produktbereich Downloads - Breddermann Kunstharze","og_url":"https:\/\/breddermann-kunstharze.de\/en\/pdf-produktbereiche\/","og_site_name":"Breddermann Kunstharze","article_modified_time":"2024-01-26T08:31:03+00:00","twitter_card":"summary_large_image","twitter_misc":{"Est. reading time":"2 minutes"},"schema":{"@context":"https:\/\/schema.org","@graph":[{"@type":"WebSite","@id":"https:\/\/breddermann-kunstharze.de\/#website","url":"https:\/\/breddermann-kunstharze.de\/","name":"Breddermann Kunstharze","description":"Ihr Partner f\u00fcr Epoxidharze, PUR-Systeme und Silikon-Abformmasse","potentialAction":[{"@type":"SearchAction","target":{"@type":"EntryPoint","urlTemplate":"https:\/\/breddermann-kunstharze.de\/?s={search_term_string}"},"query-input":"required name=search_term_string"}],"inLanguage":"en-US"},{"@type":"WebPage","@id":"https:\/\/breddermann-kunstharze.de\/pdf-produktbereiche\/#webpage","url":"https:\/\/breddermann-kunstharze.de\/pdf-produktbereiche\/","name":"PDF Produktbereich Downloads - Breddermann Kunstharze","isPartOf":{"@id":"https:\/\/breddermann-kunstharze.de\/#website"},"datePublished":"2024-01-02T12:49:02+00:00","dateModified":"2024-01-26T08:31:03+00:00","breadcrumb":{"@id":"https:\/\/breddermann-kunstharze.de\/pdf-produktbereiche\/#breadcrumb"},"inLanguage":"en-US","potentialAction":[{"@type":"ReadAction","target":["https:\/\/breddermann-kunstharze.de\/pdf-produktbereiche\/"]}]},{"@type":"BreadcrumbList","@id":"https:\/\/breddermann-kunstharze.de\/pdf-produktbereiche\/#breadcrumb","itemListElement":[{"@type":"ListItem","position":1,"name":"Startseite","item":"https:\/\/breddermann-kunstharze.de\/"},{"@type":"ListItem","position":2,"name":"PDF Produktbereich Downloads"}]}]}},"_links":{"self":[{"href":"https:\/\/breddermann-kunstharze.de\/en\/wp-json\/wp\/v2\/pages\/12357"}],"collection":[{"href":"https:\/\/breddermann-kunstharze.de\/en\/wp-json\/wp\/v2\/pages"}],"about":[{"href":"https:\/\/breddermann-kunstharze.de\/en\/wp-json\/wp\/v2\/types\/page"}],"author":[{"embeddable":true,"href":"https:\/\/breddermann-kunstharze.de\/en\/wp-json\/wp\/v2\/users\/6"}],"replies":[{"embeddable":true,"href":"https:\/\/breddermann-kunstharze.de\/en\/wp-json\/wp\/v2\/comments?post=12357"}],"version-history":[{"count":58,"href":"https:\/\/breddermann-kunstharze.de\/en\/wp-json\/wp\/v2\/pages\/12357\/revisions"}],"predecessor-version":[{"id":12586,"href":"https:\/\/breddermann-kunstharze.de\/en\/wp-json\/wp\/v2\/pages\/12357\/revisions\/12586"}],"wp:attachment":[{"href":"https:\/\/breddermann-kunstharze.de\/en\/wp-json\/wp\/v2\/media?parent=12357"}],"curies":[{"name":"wp","href":"https:\/\/api.w.org\/{rel}","templated":true}]}}