{"id":12054,"date":"2022-03-02T20:42:33","date_gmt":"2022-03-02T19:42:33","guid":{"rendered":"https:\/\/breddermann-kunstharze.de\/?page_id=12054"},"modified":"2024-01-25T12:32:52","modified_gmt":"2024-01-25T11:32:52","slug":"composite","status":"publish","type":"page","link":"https:\/\/breddermann-kunstharze.de\/en\/composite\/","title":{"rendered":"Produktbereiche-Composite"},"content":{"rendered":"<div id=\"fws_6a04aca0e14c5\" data-fullscreen-anchor-id=\"Bauchemie\" data-column-margin=\"none\" data-midnight=\"dark\"  class=\"wpb_row vc_row-fluid vc_row full-width-section  vc_row-o-equal-height vc_row-flex  vc_row-o-content-middle\"  style=\"\"><div class=\"full-page-inner-wrap-outer\"><div class=\"full-page-inner-wrap\" data-name=\"Bauchemie\" data-content-pos=\"middle\"><div class=\"full-page-inner\"><div class=\"row-bg-wrap\" data-bg-animation=\"none\" data-bg-overlay=\"true\"><div class=\"inner-wrap using-image\"><div class=\"row-bg using-image\"  style=\"background-image: url(https:\/\/breddermann-kunstharze.de\/wp-content\/uploads\/2021\/11\/Breddermann_006_2048px.jpg); background-position: left top; background-repeat: no-repeat; \"><\/div><\/div><div class=\"row-bg-overlay\" style=\"background: #e5e6f5; background: linear-gradient(135deg,#e5e6f5 0%,#ffffff 100%);  opacity: 0.8; \"><\/div><\/div><div class=\"nectar-shape-divider-wrap\" style=\" height:150px;\"  data-height=\"150\" data-front=\"\" data-style=\"curve_opacity\" data-position=\"top\" ><svg class=\"nectar-shape-divider\" fill=\"#ffffff\" xmlns=\"http:\/\/www.w3.org\/2000\/svg\" viewbox=\"0 0 1000 100\" preserveaspectratio=\"none\"> <path d=\"M 0 14 s 88.64 3.48 300 36 c 260 40 514 27 703 -10 l 12 28 l 3 36 h -1018 z\"><\/path> <path d=\"M 0 45 s 271 45.13 500 32 c 157 -9 330 -47 515 -63 v 86 h -1015 z\"><\/path> <path d=\"M 0 58 s 188.29 32 508 32 c 290 0 494 -35 494 -35 v 45 h -1002 z\"><\/path> <\/svg><\/div><div class=\"container\"><div class=\"row_col_wrap_12 col span_12 dark left\">\n\t<div  class=\"vc_col-sm-3 wpb_column column_container vc_column_container col centered-text has-animation padding-2-percent top_margin_phone_15pct inherit_tablet no-extra-padding_phone\"  data-padding-pos=\"bottom\" data-has-bg-color=\"false\" data-bg-color=\"\" data-bg-opacity=\"1\" data-animation=\"fade-in-from-bottom\" data-delay=\"0\" >\n\t\t<div class=\"vc_column-inner\" >\n\t\t\t<div class=\"wpb_wrapper\">\n\t\t\t\t<div class=\"nectar_icon_wrap\" data-draw=\"true\" data-style=\"default\" data-padding=\"0px\" data-color=\"accent-color\" style=\"margin-bottom: -5px; \" >\r\n\t\t<div class=\"nectar_icon\" ><span class=\"svg-icon-holder\" data-size=\"100\" data-animation-speed=\"slow\" data-animation=\"true\" data-animation-delay=\"\" data-color=\"accent-color\"><span><!-- Generator: Adobe Illustrator 16.0.0, SVG Export Plug-In . SVG Version: 6.00 Build 0)  -->\r\n<svg version=\"1.0\"  xmlns=\"http:\/\/www.w3.org\/2000\/svg\" xmlns:xlink=\"http:\/\/www.w3.org\/1999\/xlink\" x=\"0px\" y=\"0px\" width=\"64px\" height=\"64px\" viewbox=\"0 0 64 64\" enable-background=\"new 0 0 64 64\" xml:space=\"preserve\"><polyline fill=\"none\" stroke=\"#000000\" stroke-width=\"2\" stroke-miterlimit=\"10\" points=\"18,26.066 2,33 32,45 62,33 46,26.067 \"\/>\r\n<polyline fill=\"none\" stroke=\"#000000\" stroke-width=\"2\" stroke-miterlimit=\"10\" points=\"18,39.066 2,46 32,58 62,46 46,39.067 \"\/>\r\n<polygon fill=\"none\" stroke=\"#000000\" stroke-width=\"2\" stroke-miterlimit=\"10\" points=\"32,32 62,20 32,7 2,20 \"\/>\r\n<\/svg>\r\n<\/span><\/span><\/div>\r\n\t<\/div>\r\n<div class=\"wpb_text_column wpb_content_element  vc_custom_1653288893301\" >\r\n\t<div class=\"wpb_wrapper\">\r\n\t\t<p><span style=\"font-size: calc(15px + 1.5vw); color: #2056ac; font-family: Roboto; letter-spacing: 0px; font-weight: 300;\">Composite<\/span><\/p>\n\t<\/div>\r\n<\/div>\r\n\r\n\r\n\r\n<div id=\"fws_6a04aca0e21b9\" data-midnight=\"\" data-column-margin=\"default\" class=\"wpb_row vc_row-fluid vc_row inner_row\"  style=\"\"><div class=\"row-bg-wrap\"> <div class=\"row-bg\" ><\/div> <\/div><div class=\"row_col_wrap_12_inner col span_12  left\">\n\t<div  class=\"vc_col-sm-12 wpb_column column_container vc_column_container col child_column has-animation no-extra-padding inherit_tablet inherit_phone\"   data-padding-pos=\"bottom\" data-has-bg-color=\"false\" data-bg-color=\"\" data-bg-opacity=\"1\" data-animation=\"fade-in\" data-delay=\"300\">\n\t\t<div class=\"vc_column-inner\" >\n\t\t<div class=\"wpb_wrapper\">\n\t\t\t<a class=\"nectar-button medium see-through-2  has-icon wpb_animate_when_almost_visible wpb_fadeIn fadeIn\"  style=\"margin-top: 45px; border-color: #2056ac; color: #2056ac;\" target=\"_blank\" href=\"https:\/\/www.breddermann-kunstharze.de\/download\/Flyer\/Composite.pdf\" data-color-override=\"#2056ac\" data-hover-color-override=\"false\" data-hover-text-color-override=\"#ffffff\"><span>Produkt\u00fcbersicht<\/span><i  class=\"iconsmind-Download\"><\/i><\/a><a class=\"nectar-button medium see-through-2  has-icon wpb_animate_when_almost_visible wpb_fadeIn fadeIn\"  style=\"margin-top: 10px; border-color: #2056ac; color: #2056ac;\" target=\"_blank\" href=\"https:\/\/www.breddermann-kunstharze.de\/download\/Flyer\/Lieferprogramm.pdf\" data-color-override=\"#2056ac\" data-hover-color-override=\"false\" data-hover-text-color-override=\"#ffffff\"><span>Lieferprogramm<\/span><i  class=\"iconsmind-Download\"><\/i><\/a>\n\t\t<\/div> \n\t<\/div>\n\t<\/div> \n<\/div><\/div>\n\t\t\t<\/div> \n\t\t<\/div>\n\t<\/div> \n\n\t<div  class=\"vc_col-sm-9 wpb_column column_container vc_column_container col force-tablet-text-align-center force-phone-text-align-center has-animation no-extra-padding inherit_tablet inherit_phone\"  data-padding-pos=\"all\" data-has-bg-color=\"false\" data-bg-color=\"\" data-bg-opacity=\"1\" data-animation=\"fade-in-from-bottom\" data-delay=\"0\" >\n\t\t<div class=\"vc_column-inner\" >\n\t\t\t<div class=\"wpb_wrapper\">\n\t\t\t\t<div class=\"divider-wrap\" data-alignment=\"default\"><div style=\"height: 5vh;\" class=\"divider\"><\/div><\/div>\r\n<div class=\"wpb_text_column wpb_content_element\" >\r\n\t<div class=\"wpb_wrapper\">\r\n\t\t<h1><span style=\"font-size: calc(15px + 1.5vw); color: #2056ac; font-family: Roboto; letter-spacing: 0px; font-weight: 300;\">Epoxy resins for reinforcing fibers<\/span><\/h1>\n\t<\/div>\r\n<\/div>\r\n\r\n\r\n\r\n<div class=\"divider-wrap\" data-alignment=\"default\"><div style=\"height: 2vh;\" class=\"divider\"><\/div><\/div>\r\n<div class=\"wpb_text_column wpb_content_element\" >\r\n\t<div class=\"wpb_wrapper\">\r\n\t\t<p>Due to the versatile application possibilities paired with optimal component properties, the composites market is characterized by its steady growth. As a producer and supplier of individual synthetic resin systems for the impregnation of reinforcing fibers, such as laminating systems, infusion systems or surface systems, we are able to serve this market in a targeted and solution-oriented manner. Thanks to the close integration of all our divisions, we are able to offer a high degree of variability within our product range. In the B2B sector, composite manufacturers and composite suppliers in particular can thus benefit from our diverse product portfolio, which also meets individual customer requirements.<\/p>\n\t<\/div>\r\n<\/div>\r\n\r\n\r\n\r\n<div class=\"divider-wrap\" data-alignment=\"default\"><div style=\"height: 5vh;\" class=\"divider\"><\/div><\/div>\n\t<div class=\"wpb_content_element\" data-interval=\"0\">\n\t\t<div class=\"wpb_wrapper tabbed clearfix\" data-style=\"material\" data-spacing=\"default\" data-icon-size=\"24\" data-full-width-line=\"\" data-color-scheme=\"accent-color\" data-alignment=\"left\">\n\t\t\t<ul class=\"wpb_tabs_nav ui-tabs-nav clearfix\"><li><a href=\"#tab-1706182315909-9\" class=\"active-tab\"><span>Laminating \/ Infusion Systems<\/span><\/a><\/li><li><a href=\"#tab-1706182315956-2\" ><span>Surface systems<\/span><\/a><\/li><li><a href=\"#tab-1706182316003-10\" ><span>High heat resistant systems<\/span><\/a><\/li><li><a href=\"#tab-1706182316048-10\" ><span>Adhesive systems<\/span><\/a><\/li><\/ul>\n\n\t\t\t\n\t\t\t<div id=\"tab-laminier-infusionssysteme\" data-tab-icon=\"\" class=\"wpb_tab ui-tabs-panel wpb_ui-tabs-hide clearfix\">\n\t\t\t\t<div id=\"fws_6a04aca0e3169\" data-midnight=\"\" data-column-margin=\"default\" class=\"wpb_row vc_row-fluid vc_row inner_row\"  style=\"\"><div class=\"row-bg-wrap\"> <div class=\"row-bg\" ><\/div> <\/div><div class=\"row_col_wrap_12_inner col span_12  left\">\n\t<div style=\"margin-top: -50px; \" class=\"vc_col-sm-12 wpb_column column_container vc_column_container col child_column neg-marg no-extra-padding inherit_tablet inherit_phone\"   data-padding-pos=\"all\" data-has-bg-color=\"false\" data-bg-color=\"\" data-bg-opacity=\"1\" data-animation=\"\" data-delay=\"0\">\n\t\t<div class=\"vc_column-inner\" >\n\t\t<div class=\"wpb_wrapper\">\n\t\t\t\r\n<div class=\"wpb_text_column wpb_content_element  vc_custom_1654836644261\" >\r\n\t<div class=\"wpb_wrapper\">\r\n\t\t<h2><span style=\"font-size: 20px; font-family: Roboto; font-weight: 400; line-height: 1.0;\">Epoxy resins for laminating and infusion applications<\/span><\/h2>\n\t<\/div>\r\n<\/div>\r\n\r\n\r\n\r\n<div class=\"divider-wrap\" data-alignment=\"default\"><div  class=\"divider\"><\/div><\/div>\r\n<div class=\"wpb_text_column wpb_content_element\" >\r\n\t<div class=\"wpb_wrapper\">\r\n\t\t<p>Our wide range of laminating and infusion systems offers a suitable epoxy resin system for various applications. Both for impregnation and lamination as well as for infusion, our systems meet the highest demands and also score with their optimum impregnation and flow properties.<\/p>\n\t<\/div>\r\n<\/div>\r\n\r\n\r\n\r\n\n\t\t<\/div> \n\t<\/div>\n\t<\/div> \n<\/div><\/div>\r\n<div class=\"wpb_text_column wpb_content_element\" >\r\n\t<div class=\"wpb_wrapper\">\r\n\t\t\t<\/div>\r\n<\/div>\r\n\r\n\r\n\r\n\n\t\t\t<\/div> \n\t\t\t<div id=\"tab-oberflaechensysteme\" data-tab-icon=\"\" class=\"wpb_tab ui-tabs-panel wpb_ui-tabs-hide clearfix\">\n\t\t\t\t<div id=\"fws_6a04aca0e3666\" data-midnight=\"\" data-column-margin=\"default\" class=\"wpb_row vc_row-fluid vc_row inner_row\"  style=\"\"><div class=\"row-bg-wrap\"> <div class=\"row-bg\" ><\/div> <\/div><div class=\"row_col_wrap_12_inner col span_12  left\">\n\t<div style=\"margin-top: -50px; \" class=\"vc_col-sm-12 wpb_column column_container vc_column_container col child_column neg-marg no-extra-padding inherit_tablet inherit_phone\"   data-padding-pos=\"all\" data-has-bg-color=\"false\" data-bg-color=\"\" data-bg-opacity=\"1\" data-animation=\"\" data-delay=\"0\">\n\t\t<div class=\"vc_column-inner\" >\n\t\t<div class=\"wpb_wrapper\">\n\t\t\t\r\n<div class=\"wpb_text_column wpb_content_element  vc_custom_1654836654213\" >\r\n\t<div class=\"wpb_wrapper\">\r\n\t\t<h2><span style=\"font-size: 20px; font-family: Roboto; font-weight: 400; line-height: 1.0;\">Epoxy resins for surface applications<\/span><\/h2>\n\t<\/div>\r\n<\/div>\r\n\r\n\r\n\r\n<div class=\"divider-wrap\" data-alignment=\"default\"><div  class=\"divider\"><\/div><\/div>\r\n<div class=\"wpb_text_column wpb_content_element\" >\r\n\t<div class=\"wpb_wrapper\">\r\n\t\t<p>Our epoxy resin coating systems ensure a clear and tack-free surface structure due to their perfect wetting of the reinforcing fibers. The improved UV resistance of the systems is also particularly advantageous for this area.<\/p>\n\t<\/div>\r\n<\/div>\r\n\r\n\r\n\r\n\n\t\t<\/div> \n\t<\/div>\n\t<\/div> \n<\/div><\/div>\r\n<div class=\"wpb_text_column wpb_content_element\" >\r\n\t<div class=\"wpb_wrapper\">\r\n\t\t\t<\/div>\r\n<\/div>\r\n\r\n\r\n\r\n\n\t\t\t<\/div> \n\t\t\t<div id=\"tab-hochwaermefeste-systeme\" data-tab-icon=\"\" class=\"wpb_tab ui-tabs-panel wpb_ui-tabs-hide clearfix\">\n\t\t\t\t<div id=\"fws_6a04aca0e3a15\" data-midnight=\"\" data-column-margin=\"default\" class=\"wpb_row vc_row-fluid vc_row inner_row\"  style=\"\"><div class=\"row-bg-wrap\"> <div class=\"row-bg\" ><\/div> <\/div><div class=\"row_col_wrap_12_inner col span_12  left\">\n\t<div style=\"margin-top: -50px; \" class=\"vc_col-sm-12 wpb_column column_container vc_column_container col child_column neg-marg no-extra-padding inherit_tablet inherit_phone\"   data-padding-pos=\"all\" data-has-bg-color=\"false\" data-bg-color=\"\" data-bg-opacity=\"1\" data-animation=\"\" data-delay=\"0\">\n\t\t<div class=\"vc_column-inner\" >\n\t\t<div class=\"wpb_wrapper\">\n\t\t\t\r\n<div class=\"wpb_text_column wpb_content_element  vc_custom_1654836662049\" >\r\n\t<div class=\"wpb_wrapper\">\r\n\t\t<h2><span style=\"font-size: 20px; font-family: Roboto; font-weight: 400; line-height: 1.0;\">High-heat epoxy resins<\/span><\/h2>\n\t<\/div>\r\n<\/div>\r\n\r\n\r\n\r\n<div class=\"divider-wrap\" data-alignment=\"default\"><div  class=\"divider\"><\/div><\/div>\r\n<div class=\"wpb_text_column wpb_content_element\" >\r\n\t<div class=\"wpb_wrapper\">\r\n\t\t<p>Demanding applications require special solutions. One such solution is provided by our high-heat resistant systems, which specifically and safely withstand use under high heat loads, made possible above all by their static and dynamic strength.<\/p>\n\t<\/div>\r\n<\/div>\r\n\r\n\r\n\r\n\n\t\t<\/div> \n\t<\/div>\n\t<\/div> \n<\/div><\/div>\r\n<div class=\"wpb_text_column wpb_content_element\" >\r\n\t<div class=\"wpb_wrapper\">\r\n\t\t\t<\/div>\r\n<\/div>\r\n\r\n\r\n\r\n\n\t\t\t<\/div> \n\t\t\t<div id=\"tab-klebesysteme\" data-tab-icon=\"\" class=\"wpb_tab ui-tabs-panel wpb_ui-tabs-hide clearfix\">\n\t\t\t\t<div id=\"fws_6a04aca0e3d78\" data-midnight=\"\" data-column-margin=\"default\" class=\"wpb_row vc_row-fluid vc_row inner_row\"  style=\"\"><div class=\"row-bg-wrap\"> <div class=\"row-bg\" ><\/div> <\/div><div class=\"row_col_wrap_12_inner col span_12  left\">\n\t<div style=\"margin-top: -50px; \" class=\"vc_col-sm-12 wpb_column column_container vc_column_container col child_column neg-marg no-extra-padding inherit_tablet inherit_phone\"   data-padding-pos=\"all\" data-has-bg-color=\"false\" data-bg-color=\"\" data-bg-opacity=\"1\" data-animation=\"\" data-delay=\"0\">\n\t\t<div class=\"vc_column-inner\" >\n\t\t<div class=\"wpb_wrapper\">\n\t\t\t\r\n<div class=\"wpb_text_column wpb_content_element  vc_custom_1654836670200\" >\r\n\t<div class=\"wpb_wrapper\">\r\n\t\t<h2><span style=\"font-size: 20px; font-family: Roboto; font-weight: 400; line-height: 1.0;\">Epoxy resins for bonding applications<\/span><\/h2>\n\t<\/div>\r\n<\/div>\r\n\r\n\r\n\r\n<div class=\"divider-wrap\" data-alignment=\"default\"><div  class=\"divider\"><\/div><\/div>\r\n<div class=\"wpb_text_column wpb_content_element\" >\r\n\t<div class=\"wpb_wrapper\">\r\n\t\t<p>Our adhesive systems include, on the one hand, high-quality quick-setting resin systems and, on the other, construction adhesives for large-area bonding and joining. Especially for high-performance bonding, they impress with their high resistance and very good wetting properties.<\/p>\n\t<\/div>\r\n<\/div>\r\n\r\n\r\n\r\n\n\t\t<\/div> \n\t<\/div>\n\t<\/div> \n<\/div><\/div>\r\n<div class=\"wpb_text_column wpb_content_element\" >\r\n\t<div class=\"wpb_wrapper\">\r\n\t\t\t<\/div>\r\n<\/div>\r\n\r\n\r\n\r\n\n\t\t\t<\/div> \n\t\t<\/div> \n\t<\/div> \n\t\t\t<\/div> \n\t\t<\/div>\n\t<\/div> \n<\/div><\/div><\/div><\/div><\/div><\/div><!--inner-wrap-->","protected":false},"excerpt":{"rendered":"Composite Produkt\u00fcbersichtLieferprogramm Epoxidharze f\u00fcr Verst\u00e4rkungsfasern Aufgrund der vielseitigen Einsatzm\u00f6glichkeiten gepaart mit optimalen Bauteileigenschaften zeichnet sich...","protected":false},"author":1,"featured_media":0,"parent":0,"menu_order":0,"comment_status":"closed","ping_status":"closed","template":"","meta":[],"yoast_head":"<!-- This site is optimized with the Yoast SEO plugin v18.6 - https:\/\/yoast.com\/wordpress\/plugins\/seo\/ -->\n<title>Epoxidharze f\u00fcr Verst\u00e4rkungsfasern | Breddermann Kunstharze<\/title>\n<meta name=\"description\" content=\"Epoxidharze f\u00fcr Composite \u2713 Laminierharze \u2713 Klebesysteme \u2713 Infusionssysteme \u2713 Oberfl\u00e4chensysteme \u2713 W\u00e4rmefeste Systeme \u2713 Epoxidharz Hersteller\" \/>\n<meta name=\"robots\" content=\"index, follow, max-snippet:-1, max-image-preview:large, max-video-preview:-1\" \/>\n<link rel=\"canonical\" href=\"https:\/\/breddermann-kunstharze.de\/en\/composite\/\" \/>\n<meta property=\"og:locale\" content=\"en_US\" \/>\n<meta property=\"og:type\" content=\"article\" \/>\n<meta property=\"og:title\" content=\"Epoxidharze f\u00fcr Verst\u00e4rkungsfasern | Breddermann Kunstharze\" \/>\n<meta property=\"og:description\" content=\"Epoxidharze f\u00fcr Composite \u2713 Laminierharze \u2713 Klebesysteme \u2713 Infusionssysteme \u2713 Oberfl\u00e4chensysteme \u2713 W\u00e4rmefeste Systeme \u2713 Epoxidharz Hersteller\" \/>\n<meta property=\"og:url\" content=\"https:\/\/breddermann-kunstharze.de\/en\/composite\/\" \/>\n<meta property=\"og:site_name\" content=\"Breddermann Kunstharze\" \/>\n<meta property=\"article:modified_time\" content=\"2024-01-25T11:32:52+00:00\" \/>\n<meta name=\"twitter:card\" content=\"summary_large_image\" \/>\n<meta name=\"twitter:label1\" content=\"Est. reading time\" \/>\n\t<meta name=\"twitter:data1\" content=\"3 minutes\" \/>\n<script type=\"application\/ld+json\" class=\"yoast-schema-graph\">{\"@context\":\"https:\/\/schema.org\",\"@graph\":[{\"@type\":\"WebSite\",\"@id\":\"https:\/\/breddermann-kunstharze.de\/#website\",\"url\":\"https:\/\/breddermann-kunstharze.de\/\",\"name\":\"Breddermann Kunstharze\",\"description\":\"Ihr Partner f\u00fcr Epoxidharze, PUR-Systeme und Silikon-Abformmasse\",\"potentialAction\":[{\"@type\":\"SearchAction\",\"target\":{\"@type\":\"EntryPoint\",\"urlTemplate\":\"https:\/\/breddermann-kunstharze.de\/?s={search_term_string}\"},\"query-input\":\"required name=search_term_string\"}],\"inLanguage\":\"en-US\"},{\"@type\":\"WebPage\",\"@id\":\"https:\/\/breddermann-kunstharze.de\/composite\/#webpage\",\"url\":\"https:\/\/breddermann-kunstharze.de\/composite\/\",\"name\":\"Epoxidharze f\u00fcr Verst\u00e4rkungsfasern | Breddermann Kunstharze\",\"isPartOf\":{\"@id\":\"https:\/\/breddermann-kunstharze.de\/#website\"},\"datePublished\":\"2022-03-02T19:42:33+00:00\",\"dateModified\":\"2024-01-25T11:32:52+00:00\",\"description\":\"Epoxidharze f\u00fcr Composite \u2713 Laminierharze \u2713 Klebesysteme \u2713 Infusionssysteme \u2713 Oberfl\u00e4chensysteme \u2713 W\u00e4rmefeste Systeme \u2713 Epoxidharz Hersteller\",\"breadcrumb\":{\"@id\":\"https:\/\/breddermann-kunstharze.de\/composite\/#breadcrumb\"},\"inLanguage\":\"en-US\",\"potentialAction\":[{\"@type\":\"ReadAction\",\"target\":[\"https:\/\/breddermann-kunstharze.de\/composite\/\"]}]},{\"@type\":\"BreadcrumbList\",\"@id\":\"https:\/\/breddermann-kunstharze.de\/composite\/#breadcrumb\",\"itemListElement\":[{\"@type\":\"ListItem\",\"position\":1,\"name\":\"Startseite\",\"item\":\"https:\/\/breddermann-kunstharze.de\/\"},{\"@type\":\"ListItem\",\"position\":2,\"name\":\"Produktbereiche-Composite\"}]}]}<\/script>\n<!-- \/ Yoast SEO plugin. -->","yoast_head_json":{"title":"Epoxidharze f\u00fcr Verst\u00e4rkungsfasern | Breddermann Kunstharze","description":"Epoxidharze f\u00fcr Composite \u2713 Laminierharze \u2713 Klebesysteme \u2713 Infusionssysteme \u2713 Oberfl\u00e4chensysteme \u2713 W\u00e4rmefeste Systeme \u2713 Epoxidharz Hersteller","robots":{"index":"index","follow":"follow","max-snippet":"max-snippet:-1","max-image-preview":"max-image-preview:large","max-video-preview":"max-video-preview:-1"},"canonical":"https:\/\/breddermann-kunstharze.de\/en\/composite\/","og_locale":"en_US","og_type":"article","og_title":"Epoxidharze f\u00fcr Verst\u00e4rkungsfasern | Breddermann Kunstharze","og_description":"Epoxidharze f\u00fcr Composite \u2713 Laminierharze \u2713 Klebesysteme \u2713 Infusionssysteme \u2713 Oberfl\u00e4chensysteme \u2713 W\u00e4rmefeste Systeme \u2713 Epoxidharz Hersteller","og_url":"https:\/\/breddermann-kunstharze.de\/en\/composite\/","og_site_name":"Breddermann Kunstharze","article_modified_time":"2024-01-25T11:32:52+00:00","twitter_card":"summary_large_image","twitter_misc":{"Est. reading time":"3 minutes"},"schema":{"@context":"https:\/\/schema.org","@graph":[{"@type":"WebSite","@id":"https:\/\/breddermann-kunstharze.de\/#website","url":"https:\/\/breddermann-kunstharze.de\/","name":"Breddermann Kunstharze","description":"Ihr Partner f\u00fcr Epoxidharze, PUR-Systeme und Silikon-Abformmasse","potentialAction":[{"@type":"SearchAction","target":{"@type":"EntryPoint","urlTemplate":"https:\/\/breddermann-kunstharze.de\/?s={search_term_string}"},"query-input":"required name=search_term_string"}],"inLanguage":"en-US"},{"@type":"WebPage","@id":"https:\/\/breddermann-kunstharze.de\/composite\/#webpage","url":"https:\/\/breddermann-kunstharze.de\/composite\/","name":"Epoxidharze f\u00fcr Verst\u00e4rkungsfasern | Breddermann Kunstharze","isPartOf":{"@id":"https:\/\/breddermann-kunstharze.de\/#website"},"datePublished":"2022-03-02T19:42:33+00:00","dateModified":"2024-01-25T11:32:52+00:00","description":"Epoxidharze f\u00fcr Composite \u2713 Laminierharze \u2713 Klebesysteme \u2713 Infusionssysteme \u2713 Oberfl\u00e4chensysteme \u2713 W\u00e4rmefeste Systeme \u2713 Epoxidharz Hersteller","breadcrumb":{"@id":"https:\/\/breddermann-kunstharze.de\/composite\/#breadcrumb"},"inLanguage":"en-US","potentialAction":[{"@type":"ReadAction","target":["https:\/\/breddermann-kunstharze.de\/composite\/"]}]},{"@type":"BreadcrumbList","@id":"https:\/\/breddermann-kunstharze.de\/composite\/#breadcrumb","itemListElement":[{"@type":"ListItem","position":1,"name":"Startseite","item":"https:\/\/breddermann-kunstharze.de\/"},{"@type":"ListItem","position":2,"name":"Produktbereiche-Composite"}]}]}},"_links":{"self":[{"href":"https:\/\/breddermann-kunstharze.de\/en\/wp-json\/wp\/v2\/pages\/12054"}],"collection":[{"href":"https:\/\/breddermann-kunstharze.de\/en\/wp-json\/wp\/v2\/pages"}],"about":[{"href":"https:\/\/breddermann-kunstharze.de\/en\/wp-json\/wp\/v2\/types\/page"}],"author":[{"embeddable":true,"href":"https:\/\/breddermann-kunstharze.de\/en\/wp-json\/wp\/v2\/users\/1"}],"replies":[{"embeddable":true,"href":"https:\/\/breddermann-kunstharze.de\/en\/wp-json\/wp\/v2\/comments?post=12054"}],"version-history":[{"count":188,"href":"https:\/\/breddermann-kunstharze.de\/en\/wp-json\/wp\/v2\/pages\/12054\/revisions"}],"predecessor-version":[{"id":12541,"href":"https:\/\/breddermann-kunstharze.de\/en\/wp-json\/wp\/v2\/pages\/12054\/revisions\/12541"}],"wp:attachment":[{"href":"https:\/\/breddermann-kunstharze.de\/en\/wp-json\/wp\/v2\/media?parent=12054"}],"curies":[{"name":"wp","href":"https:\/\/api.w.org\/{rel}","templated":true}]}}